{"id":10,"date":"2025-10-07T22:11:20","date_gmt":"2025-10-07T22:11:20","guid":{"rendered":"https:\/\/www.ylioppilashuone.fi\/?page_id=10"},"modified":"2025-10-31T12:06:51","modified_gmt":"2025-10-31T12:06:51","slug":"etusivu","status":"publish","type":"page","link":"https:\/\/www.ylioppilashuone.fi\/","title":{"rendered":"Helsingin Varsinaissuomalainen Ylioppilashuones\u00e4\u00e4ti\u00f6 sr"},"content":{"rendered":"\n<p>Helsingin Varsinaissuomalaisen Ylioppilashuones\u00e4\u00e4ti\u00f6n (HVYHS) tarkoituksena on s\u00e4\u00e4nt\u00f6jens\u00e4 mukaan edist\u00e4\u00e4 varsinaissuomalaisten ylioppilaiden asunto-, kerho- ja opinto-olosuhteita Helsingin seudulla sek\u00e4 tukea heid\u00e4n hyvi\u00e4 pyrint\u00f6j\u00e4\u00e4n. S\u00e4\u00e4ti\u00f6 toteuttaa tarkoitustaan hankkimalla ja yll\u00e4pit\u00e4m\u00e4ll\u00e4 asunto- ja kerhohuonetiloja Helsingin seudulla opiskelevia varsinaissuomalaisia ylioppilaita, l\u00e4hinn\u00e4 Helsingin yliopiston Varsinaissuomalaisen osakunnan j\u00e4seni\u00e4 varten sek\u00e4 tukemalla stipendein, matka-apurahoin ynn\u00e4 muillakin tavoin heid\u00e4n opiskelumahdollisuuksiaan ja muita hyvi\u00e4 pyrint\u00f6j\u00e4\u00e4n.<\/p>\n\n\n\n<p>S\u00e4\u00e4ti\u00f6 on perustettu vuonna 1978 ja se omistaa J\u00e4tk\u00e4saaressa sijaitsevan opiskelija-asuntalon KOY Ylioppilashuone Alinan. Lis\u00e4ksi s\u00e4\u00e4ti\u00f6 tukee muiden sijoitustensa tuotoilla opiskelijaj\u00e4rjest\u00f6 Helsingin yliopiston Varsinaissuomalaisen osakunnan toimintaa. Osakunta on monitieteellinen ja senioritoiminnan my\u00f6t\u00e4 my\u00f6s ylisukupolvinen yhteis\u00f6, jossa yst\u00e4vystyt\u00e4\u00e4n, verkostoidutaan, opitaan kantamaan vastuuta ja jossa pidet\u00e4\u00e4n opiskelun vastapainoksi my\u00f6s hauskaa. Lis\u00e4tietoa osakunnan toiminnasta l\u00f6ytyy osoitteesta <a href=\"http:\/\/www.varsinaissuomalainen.fi\" target=\"_blank\" rel=\"noreferrer noopener\">varsinaissuomalainen.fi<\/a>.<\/p>\n\n\n\n<figure class=\"wp-block-image size-large\"><img loading=\"lazy\" decoding=\"async\" width=\"1024\" height=\"683\" src=\"https:\/\/www.ylioppilashuone.fi\/wp-content\/uploads\/2025\/10\/20250704_113318-1024x683.jpg\" alt=\"\" class=\"wp-image-13\" srcset=\"https:\/\/www.ylioppilashuone.fi\/wp-content\/uploads\/2025\/10\/20250704_113318-1024x683.jpg 1024w, https:\/\/www.ylioppilashuone.fi\/wp-content\/uploads\/2025\/10\/20250704_113318-300x200.jpg 300w, https:\/\/www.ylioppilashuone.fi\/wp-content\/uploads\/2025\/10\/20250704_113318-768x512.jpg 768w, https:\/\/www.ylioppilashuone.fi\/wp-content\/uploads\/2025\/10\/20250704_113318-1536x1024.jpg 1536w, https:\/\/www.ylioppilashuone.fi\/wp-content\/uploads\/2025\/10\/20250704_113318-2048x1365.jpg 2048w\" sizes=\"auto, (max-width: 1024px) 100vw, 1024px\" \/><\/figure>\n\n\n\n<h2 class=\"wp-block-heading\"><strong>Opiskelija-asuintalo J\u00e4tk\u00e4saaressa<\/strong><\/h2>\n\n\n\n<p>S\u00e4\u00e4ti\u00f6n J\u00e4tk\u00e4saareen rakennuttama opiskelija-asuntalo (KOY Ylioppilashuone Alina, V\u00e4limerenkatu 15) valmistui elokuussa 2024. Kohteessa on per\u00e4ti 107 yksi\u00f6t\u00e4 ja 5 kaksiota eli tilaa yhteens\u00e4 117 opiskelijalle.<\/p>\n\n\n\n<p>Asuntojen vuokrataso on selv\u00e4sti markkinahintoja alempi: yksi\u00f6iden vuokrat ovat n. 558\u2013660 \u20ac\/kk ja kaksioiden vuokra n. 860 \u20ac\/kk. Yksi\u00f6t ovat kooltaan 20,5\u201329 neli\u00f6t\u00e4 ja kaksiot 36 neli\u00f6t\u00e4.<\/p>\n\n\n\n<p>Asunnot ovat haettavissa <a href=\"https:\/\/app.kodia.fi\/public\/KOY-Ylioppilashuone-Alina\/apply\/\">t\u00e4\u00e4ll\u00e4<\/a> ja tarkemmat hakuohjeet l\u00f6ytyv\u00e4t alempaa.<\/p>\n\n\n\n<p><strong>Huom! Asuntohakemukset vanhenevat automaattisesti 6 kuukauden kuluttua hakemuksen j\u00e4tt\u00e4misest\u00e4, joten muistathan tarvittaessa uusia hakemuksesi.<\/strong><\/p>\n\n\n\n<hr class=\"wp-block-separator has-alpha-channel-opacity\"\/>\n\n\n\n<h2 class=\"wp-block-heading\"><strong>Erinomainen sijainti<\/strong><\/h2>\n\n\n\n<p>Osakunnan opiskelija-asuintalo sijaitsee Helsingin kantakaupungissa, loistavalla sijainnilla keskell\u00e4 J\u00e4tk\u00e4saarta (V\u00e4limerenkatu 15, 00180 Helsinki). Ratikkalinja 9 vie asuintalon oven edest\u00e4 keskustaan 10 minuutissa, ja Ruoholahden metroasemalle sek\u00e4 kauppakeskukseen on vain noin 600 metrin k\u00e4velymatka. Siten kulkuyhteydet niin Helsingin yliopiston keskustakampukselle kuin Aalto-yliopistolle Otaniemeen ovat erinomaiset.<\/p>\n\n\n\n<center><iframe src=\"https:\/\/www.google.com\/maps\/embed?pb=!1m14!1m8!1m3!1d31762.199374177246!2d24.9095266!3d60.1619032!3m2!1i1024!2i768!4f13.1!3m3!1m2!1s0x46920a4c382e08ff%3A0x541686dcdc4db5ef!2sV%C3%A4limerenkatu%2015%2C%2000180%20Helsinki!5e0!3m2!1sen!2sfi!4v1760299069323!5m2!1sen!2sfi\" width=\"600\" height=\"450\" style=\"border:0;\" allowfullscreen=\"\" loading=\"lazy\" referrerpolicy=\"no-referrer-when-downgrade\"><\/iframe><\/center>\n\n\n\n<hr class=\"wp-block-separator has-alpha-channel-opacity\"\/>\n\n\n\n<h2 class=\"wp-block-heading\"><strong>Hyvin varustellut asunnot ja upeat yhteistilat<\/strong><\/h2>\n\n\n\n<p>Jokaisessa asunnossa on oma astianpesukone ja ranskalainen parveke. Asukkaiden yhteisess\u00e4 k\u00e4yt\u00f6ss\u00e4 ovat upeat tilat: yl\u00e4kerrasta l\u00f6ytyv\u00e4t kerhotila, saunaosasto terasseineen, pesutupa sek\u00e4 lukusali opiskelua varten. Lis\u00e4ksi katolta l\u00f6ytyy vehre\u00e4 kattopuutarha oleskelumahdollisuuksineen ja viljelylaatikoineen.<\/p>\n\n\n\n<p>Havainnekuvia ja piirustuksia talosta l\u00f6ytyy <a href=\"https:\/\/varsinaissuomalainen.fi\/wp-content\/uploads\/2022\/04\/KOY-Ylioppilashuone-Alina-Va%CC%88limerenkatu-15.pdf\">t\u00e4\u00e4lt\u00e4<\/a> (pdf).<\/p>\n\n\n\n<div class=\"wp-block-columns is-layout-flex wp-container-core-columns-is-layout-28f84493 wp-block-columns-is-layout-flex\">\n<div class=\"wp-block-column is-layout-flow wp-block-column-is-layout-flow\">\n<figure class=\"wp-block-image size-full\"><img loading=\"lazy\" decoding=\"async\" width=\"300\" height=\"200\" src=\"https:\/\/www.ylioppilashuone.fi\/wp-content\/uploads\/2025\/10\/image-3.png\" alt=\"\" class=\"wp-image-19\"\/><\/figure>\n<\/div>\n\n\n\n<div class=\"wp-block-column is-layout-flow wp-block-column-is-layout-flow\">\n<figure class=\"wp-block-image size-full\"><img loading=\"lazy\" decoding=\"async\" width=\"300\" height=\"200\" src=\"https:\/\/www.ylioppilashuone.fi\/wp-content\/uploads\/2025\/10\/image-4.png\" alt=\"\" class=\"wp-image-20\"\/><\/figure>\n<\/div>\n<\/div>\n\n\n\n<hr class=\"wp-block-separator has-alpha-channel-opacity\"\/>\n\n\n\n<h2 class=\"wp-block-heading\"><strong>Hae asuntoa<\/strong><\/h2>\n\n\n\n<p>Asuntoihin on k\u00e4ynniss\u00e4 jatkuva haku. Talosta vapautuu asuntoja tasaista tahtia, yleens\u00e4<br>1\u20132 kpl kuukausittain, mutta asunnot ovat haluttuja. Voit j\u00e4tt\u00e4\u00e4 hakemuksesi asukkaaksi <a href=\"https:\/\/app.kodia.fi\/public\/KOY-Ylioppilashuone-Alina\/apply\/\">t\u00e4\u00e4ll\u00e4<\/a>. Hakemukset luokitellaan ensisijaisesti asunnontarpeen kiireellisyyden mukaan, joten hakuajankohdalla ei ole merkityst\u00e4 jonotusj\u00e4rjestykseen. <strong>Huom! Asuntohakemukset vanhenevat automaattisesti 6 kuukauden kuluttua hakemuksen j\u00e4tt\u00e4misest\u00e4, joten muistathan tarvittaessa uusia hakemuksesi.<\/strong> Asunnon vaihtoa Alinan sis\u00e4ll\u00e4 on mahdollista hakea ainoastaan yksi\u00f6st\u00e4 kaksioon tai kaksiosta yksi\u00f6\u00f6n, ei muutoin.<\/p>\n\n\n\n<p>Asunnot on tarkoitettu Varsinaissuomalaisen osakunnan (VSO) j\u00e4senille, joten liityth\u00e4n osakunnan j\u00e4seneksi ennen hakemuksen j\u00e4tt\u00e4mist\u00e4 (ei koske uusia opiskelijoita). Uusi opiskelija voi hakea asuntoja heti kun opiskelupaikka on varmistunut, kunhan h\u00e4nell\u00e4 on hyv\u00e4ksymistodistus opiskelupaikasta. T\u00e4ll\u00f6in hakiessa ei tarvitse olla viel\u00e4 osakunnan j\u00e4sen. VSO:n j\u00e4seneksi voi k\u00e4yd\u00e4 kirjautumassa lukuvuoden k\u00e4ynnistytty\u00e4.<\/p>\n\n\n\n<p>Lue <a href=\"https:\/\/varsinaissuomalainen.fi\/liity\">t\u00e4\u00e4lt\u00e4<\/a> lis\u00e4\u00e4 osakunnan j\u00e4senyydest\u00e4.<\/p>\n\n\n\n<p>Asukasvalintaperusteista on kerrottu tarkemmin <a href=\"https:\/\/varsinaissuomalainen.fi\/wp-content\/uploads\/2024\/05\/KOY-Ylioppilashuone-Alinan-asunto-ohjesaanto.pdf\">asunto-ohjes\u00e4\u00e4nn\u00f6ss\u00e4<\/a>.<\/p>\n\n\n\n<p>Mik\u00e4li sinulla on kysytt\u00e4v\u00e4\u00e4 asuntojen hausta, voit olla s\u00e4hk\u00f6postitse yhteydess\u00e4 asuntosihteeriin: alina.asuntosihteeri@gmail.com<\/p>\n\n\n\n<hr class=\"wp-block-separator has-alpha-channel-opacity\"\/>\n\n\n\n<h2 class=\"wp-block-heading\"><strong>Tarkempaa tietoa asunnoista ja vuokrausehdoista<\/strong><\/h2>\n\n\n\n<p>Asunnot on tarkoitettu vain p\u00e4\u00e4toimisille opiskelijoille. Korkeakouluopiskelijoiden opintopisteraja on 20 opintopistett\u00e4\/kalenterivuosi tai 40 opintopistett\u00e4\/kaksi kalenterivuotta. Valmistumisen j\u00e4lkeen asunnoista pit\u00e4\u00e4 muuttaa pois 6 kuukauden kuluessa. Kaksioiden osalta riitt\u00e4\u00e4, ett\u00e4 toinen asukkaista on opiskelija. Lis\u00e4ksi asumisaika on rajoitettu siten, ett\u00e4 se on vuoden yli vuokralaisen suorittaman korkeakoulututkinnon tavoitteellisen valmistumisajankohdan. Yhti\u00f6 voi asuntosihteerin p\u00e4\u00e4t\u00f6ksell\u00e4 my\u00f6nt\u00e4\u00e4 enint\u00e4\u00e4n vuoden lis\u00e4\u00e4 asumisaikaa vuokralaisen sit\u00e4 hakiessa perustellusta syyst\u00e4.<\/p>\n\n\n\n<p>Nettiyhteys (50 M) ja pesutuvan k\u00e4ytt\u00f6 sis\u00e4ltyv\u00e4t vuokraan. Vesimaksu perit\u00e4\u00e4n todellisen k\u00e4yt\u00f6n mukaan (l\u00e4mmin vesi runsaat 11 \u20ac\/m<sup>3<\/sup> ja kylm\u00e4 vesi runsaat 4 \u20ac\/m<sup>3<\/sup>, vesimaksuennakko on 20 \u20ac\/kk\/hl\u00f6, tasauslaskutus 2 kertaa vuodessa). Jokaisen vuokralaisen tulee tehd\u00e4 oma s\u00e4hk\u00f6sopimus, ja asukkaalla on oltava voimassa huoneistoon kohdistuva kotivakuutus vastuuosineen. Vuokravakuus (takuuvuokra) on kahden kuukauden vuokraa vastaava m\u00e4\u00e4r\u00e4. Vuokrasopimuksen vakioehdot l\u00f6ytyv\u00e4t <a href=\"https:\/\/varsinaissuomalainen.fi\/wp-content\/uploads\/2024\/05\/KOY-Ylioppilashuone-Alina-%E2%80%93-vuokrasopimuksen-vakioehdot.pdf\">t\u00e4\u00e4lt\u00e4<\/a>.<\/p>\n\n\n\n<p>Kohde on savuton. Tupakointi on kielletty huoneistoissa ja muissakin sis\u00e4tiloissa. Yhti\u00f6n tarkemmat j\u00e4rjestyss\u00e4\u00e4nn\u00f6t l\u00f6ytyv\u00e4t <a href=\"https:\/\/varsinaissuomalainen.fi\/wp-content\/uploads\/2024\/05\/Alina_jarjestyssaannot_13-04-2024.pdf\">t\u00e4\u00e4lt\u00e4<\/a>.<\/p>\n\n\n\n<p>Yhteisen ulkov\u00e4line- ja lastenvaunuvaraston lis\u00e4ksi jokaisella asunnolla on oma h\u00e4kkivarasto. Polkupy\u00f6r\u00e4paikkoja on sis\u00e4ll\u00e4 jokaiselle huoneistolle nimetty omansa ja kaksioille 2 kpl. Lis\u00e4ksi pihalla on 16 runkolukittavaa paikkaa. Kiinteist\u00f6ll\u00e4 ei ole omia autopaikkoja, mutta tontilta on hissiyhteys <a href=\"https:\/\/www.jatkasaarenpysakointi.fi\/\">Rokkiparkin<\/a> kalliopys\u00e4k\u00f6intilaitokseen. Alinan kautta sielt\u00e4 on vuokrattavissa yksi autopaikka (tarvittaessa saatavilla inva-autopaikkana) ja suoraan pys\u00e4k\u00f6intiyhti\u00f6lt\u00e4 autopaikkoja on vuokrattavissa kuukausi- tai tuntihinnalla.<\/p>\n\n\n\n<p>Kohteen asunnoista kaikki kaksiot (5 kpl) ovat esteett\u00f6myysm\u00e4\u00e4r\u00e4ysten mukaiset (wc-tila, jossa on 1500 mm vapaa tila). T\u00e4m\u00e4n lis\u00e4ksi yksi\u00f6ist\u00e4 6 kpl on varustettu wc-tilalla, jossa on 1300 mm vapaa tila.<\/p>\n\n\n\n<hr class=\"wp-block-separator has-alpha-channel-opacity\"\/>\n\n\n\n<h2 class=\"wp-block-heading\"><strong>Kuvia asunnoista<\/strong><\/h2>\n\n\n\n<div class=\"wp-block-columns is-layout-flex wp-container-core-columns-is-layout-28f84493 wp-block-columns-is-layout-flex\">\n<div class=\"wp-block-column is-layout-flow wp-block-column-is-layout-flow\" style=\"flex-basis:59.2%\">\n<figure class=\"wp-block-image size-full\"><img loading=\"lazy\" decoding=\"async\" width=\"1024\" height=\"681\" src=\"https:\/\/www.ylioppilashuone.fi\/wp-content\/uploads\/2025\/10\/image-5.png\" alt=\"\" class=\"wp-image-37\" srcset=\"https:\/\/www.ylioppilashuone.fi\/wp-content\/uploads\/2025\/10\/image-5.png 1024w, https:\/\/www.ylioppilashuone.fi\/wp-content\/uploads\/2025\/10\/image-5-300x200.png 300w, https:\/\/www.ylioppilashuone.fi\/wp-content\/uploads\/2025\/10\/image-5-768x511.png 768w\" sizes=\"auto, (max-width: 1024px) 100vw, 1024px\" \/><\/figure>\n\n\n\n<figure class=\"wp-block-image size-full\"><img loading=\"lazy\" decoding=\"async\" width=\"1024\" height=\"681\" src=\"https:\/\/www.ylioppilashuone.fi\/wp-content\/uploads\/2025\/10\/image-6.png\" alt=\"\" class=\"wp-image-38\" srcset=\"https:\/\/www.ylioppilashuone.fi\/wp-content\/uploads\/2025\/10\/image-6.png 1024w, https:\/\/www.ylioppilashuone.fi\/wp-content\/uploads\/2025\/10\/image-6-300x200.png 300w, https:\/\/www.ylioppilashuone.fi\/wp-content\/uploads\/2025\/10\/image-6-768x511.png 768w\" sizes=\"auto, (max-width: 1024px) 100vw, 1024px\" \/><\/figure>\n\n\n\n<figure class=\"wp-block-image size-full\"><img loading=\"lazy\" decoding=\"async\" width=\"1024\" height=\"681\" src=\"https:\/\/www.ylioppilashuone.fi\/wp-content\/uploads\/2025\/10\/image-7.png\" alt=\"\" class=\"wp-image-40\" srcset=\"https:\/\/www.ylioppilashuone.fi\/wp-content\/uploads\/2025\/10\/image-7.png 1024w, https:\/\/www.ylioppilashuone.fi\/wp-content\/uploads\/2025\/10\/image-7-300x200.png 300w, https:\/\/www.ylioppilashuone.fi\/wp-content\/uploads\/2025\/10\/image-7-768x511.png 768w\" sizes=\"auto, (max-width: 1024px) 100vw, 1024px\" \/><\/figure>\n\n\n\n<figure class=\"wp-block-image size-full\"><img loading=\"lazy\" decoding=\"async\" width=\"1024\" height=\"681\" src=\"https:\/\/www.ylioppilashuone.fi\/wp-content\/uploads\/2025\/10\/image-8.png\" alt=\"\" class=\"wp-image-41\" srcset=\"https:\/\/www.ylioppilashuone.fi\/wp-content\/uploads\/2025\/10\/image-8.png 1024w, https:\/\/www.ylioppilashuone.fi\/wp-content\/uploads\/2025\/10\/image-8-300x200.png 300w, https:\/\/www.ylioppilashuone.fi\/wp-content\/uploads\/2025\/10\/image-8-768x511.png 768w\" sizes=\"auto, (max-width: 1024px) 100vw, 1024px\" \/><\/figure>\n\n\n\n<figure class=\"wp-block-image size-full\"><img loading=\"lazy\" decoding=\"async\" width=\"1024\" height=\"681\" src=\"https:\/\/www.ylioppilashuone.fi\/wp-content\/uploads\/2025\/10\/image-9.png\" alt=\"\" class=\"wp-image-42\" srcset=\"https:\/\/www.ylioppilashuone.fi\/wp-content\/uploads\/2025\/10\/image-9.png 1024w, https:\/\/www.ylioppilashuone.fi\/wp-content\/uploads\/2025\/10\/image-9-300x200.png 300w, https:\/\/www.ylioppilashuone.fi\/wp-content\/uploads\/2025\/10\/image-9-768x511.png 768w\" sizes=\"auto, (max-width: 1024px) 100vw, 1024px\" \/><\/figure>\n<\/div>\n\n\n\n<div class=\"wp-block-column is-layout-flow wp-block-column-is-layout-flow\" style=\"flex-basis:33.33%\">\n<figure class=\"wp-block-image size-full\"><img loading=\"lazy\" decoding=\"async\" width=\"681\" height=\"1024\" src=\"https:\/\/www.ylioppilashuone.fi\/wp-content\/uploads\/2025\/10\/image-10.png\" alt=\"\" class=\"wp-image-43\" srcset=\"https:\/\/www.ylioppilashuone.fi\/wp-content\/uploads\/2025\/10\/image-10.png 681w, https:\/\/www.ylioppilashuone.fi\/wp-content\/uploads\/2025\/10\/image-10-200x300.png 200w\" sizes=\"auto, (max-width: 681px) 100vw, 681px\" \/><\/figure>\n\n\n\n<figure class=\"wp-block-image size-full\"><img loading=\"lazy\" decoding=\"async\" width=\"681\" height=\"1024\" src=\"https:\/\/www.ylioppilashuone.fi\/wp-content\/uploads\/2025\/10\/image-11.png\" alt=\"\" class=\"wp-image-44\" srcset=\"https:\/\/www.ylioppilashuone.fi\/wp-content\/uploads\/2025\/10\/image-11.png 681w, https:\/\/www.ylioppilashuone.fi\/wp-content\/uploads\/2025\/10\/image-11-200x300.png 200w\" sizes=\"auto, (max-width: 681px) 100vw, 681px\" \/><\/figure>\n\n\n\n<figure class=\"wp-block-image size-full\"><img loading=\"lazy\" decoding=\"async\" width=\"681\" height=\"1024\" src=\"https:\/\/www.ylioppilashuone.fi\/wp-content\/uploads\/2025\/10\/image-12.png\" alt=\"\" class=\"wp-image-45\" srcset=\"https:\/\/www.ylioppilashuone.fi\/wp-content\/uploads\/2025\/10\/image-12.png 681w, https:\/\/www.ylioppilashuone.fi\/wp-content\/uploads\/2025\/10\/image-12-200x300.png 200w\" sizes=\"auto, (max-width: 681px) 100vw, 681px\" \/><\/figure>\n\n\n\n<figure class=\"wp-block-image size-full\"><img loading=\"lazy\" decoding=\"async\" width=\"681\" height=\"1024\" src=\"https:\/\/www.ylioppilashuone.fi\/wp-content\/uploads\/2025\/10\/image-13.png\" alt=\"\" class=\"wp-image-46\" srcset=\"https:\/\/www.ylioppilashuone.fi\/wp-content\/uploads\/2025\/10\/image-13.png 681w, https:\/\/www.ylioppilashuone.fi\/wp-content\/uploads\/2025\/10\/image-13-200x300.png 200w\" sizes=\"auto, (max-width: 681px) 100vw, 681px\" \/><\/figure>\n<\/div>\n<\/div>\n\n\n\n<hr class=\"wp-block-separator has-alpha-channel-opacity\"\/>\n\n\n\n<h2 class=\"wp-block-heading\"><strong>Vuokrasopimuksen irtisanominen<\/strong><\/h2>\n\n\n\n<p>Kun haluat irtisanoa vuokrasopimuksesi, voit tehd\u00e4 sen kirjautumalla <a href=\"https:\/\/app.kodia.fi\/login?redirect=\/\">Kodian sovellukseen<\/a>, jonne olet saanut tunnukset vuokrasopimuksen tehty\u00e4si. Vaihtoehtoisesti voit irtisanoa vuokrasopimuksen <a href=\"https:\/\/app.kodia.fi\/public\/koy-ylioppilashuone-alina\/terminate-contract\">t\u00e4ll\u00e4<\/a> verkkopankkitunnuksilla.<\/p>\n\n\n\n<hr class=\"wp-block-separator has-alpha-channel-opacity\"\/>\n\n\n\n<h2 class=\"wp-block-heading\"><strong>S\u00e4\u00e4ti\u00f6n muu toiminta<\/strong><\/h2>\n\n\n\n<p>S\u00e4\u00e4ti\u00f6 omistaa my\u00f6s osakkeita, rahastoja ja vapaarahoitteisia asuntoja, joiden tuotoilla s\u00e4\u00e4ti\u00f6 mm. tukee osakunnan toimintaa taloudellisesti sek\u00e4 my\u00f6nt\u00e4\u00e4 stipendej\u00e4. S\u00e4\u00e4ti\u00f6n vapaarahoitteisia asuntoja vuokrataan markkinahintaan, ja etusijalla ovat osakuntalaiset tai osakunnan seniorit. Asunnoista nelj\u00e4 yksi\u00f6t\u00e4 sijaitsevat Kalliossa ja kaksiot Kruununhaassa ja Harjussa.<\/p>\n\n\n\n<p>S\u00e4\u00e4ti\u00f6n asiamiehen\u00e4 toimii VTM Ilari Ahola (ilari.ahola@alumni.helsinki.fi).<\/p>\n\n\n\n<hr class=\"wp-block-separator has-alpha-channel-opacity\"\/>\n\n\n\n<h2 class=\"wp-block-heading\"><strong>S\u00e4\u00e4ti\u00f6n vuosikertomukset<\/strong><\/h2>\n\n\n\n<ul class=\"wp-block-list\">\n<li><a href=\"http:\/\/www.ylioppilashuone.fi\/wp-content\/uploads\/2025\/10\/HVYHS_tasekirja_2024_allekirjoitettu.pdf\" target=\"_blank\" rel=\"noreferrer noopener\">2024<\/a><\/li>\n\n\n\n<li><a href=\"http:\/\/www.ylioppilashuone.fi\/wp-content\/uploads\/2025\/10\/HVYHS-Tilinpaatos-2023.pdf\" target=\"_blank\" rel=\"noreferrer noopener\">2023<\/a><\/li>\n\n\n\n<li><a href=\"http:\/\/www.ylioppilashuone.fi\/wp-content\/uploads\/2025\/10\/HVYHS_tilinpaatos_2022.pdf\" target=\"_blank\" rel=\"noreferrer noopener\">2022<\/a><\/li>\n\n\n\n<li><a href=\"http:\/\/www.ylioppilashuone.fi\/wp-content\/uploads\/2025\/10\/HVYHS_tilinpaatos_2021.pdf\" target=\"_blank\" rel=\"noreferrer noopener\">2021<\/a><\/li>\n\n\n\n<li><a href=\"http:\/\/www.ylioppilashuone.fi\/wp-content\/uploads\/2025\/10\/HVYHS_tilinpaatos_2020.pdf\" target=\"_blank\" rel=\"noreferrer noopener\">2020<\/a><\/li>\n<\/ul>\n","protected":false},"excerpt":{"rendered":"<p>Helsingin Varsinaissuomalaisen Ylioppilashuones\u00e4\u00e4ti\u00f6n (HVYHS) tarkoituksena on s\u00e4\u00e4nt\u00f6jens\u00e4 mukaan edist\u00e4\u00e4 varsinaissuomalaisten ylioppilaiden asunto-, kerho- ja opinto-olosuhteita Helsingin seudulla sek\u00e4 tukea heid\u00e4n hyvi\u00e4 pyrint\u00f6j\u00e4\u00e4n. S\u00e4\u00e4ti\u00f6 toteuttaa tarkoitustaan hankkimalla ja yll\u00e4pit\u00e4m\u00e4ll\u00e4 asunto- ja kerhohuonetiloja Helsingin seudulla opiskelevia varsinaissuomalaisia ylioppilaita, l\u00e4hinn\u00e4 Helsingin yliopiston Varsinaissuomalaisen osakunnan j\u00e4seni\u00e4 varten sek\u00e4 tukemalla stipendein, matka-apurahoin ynn\u00e4 muillakin tavoin heid\u00e4n opiskelumahdollisuuksiaan ja muita hyvi\u00e4 [&hellip;]<\/p>\n","protected":false},"author":1,"featured_media":0,"parent":0,"menu_order":0,"comment_status":"closed","ping_status":"closed","template":"","meta":{"footnotes":""},"class_list":["post-10","page","type-page","status-publish","hentry"],"_links":{"self":[{"href":"https:\/\/www.ylioppilashuone.fi\/index.php\/wp-json\/wp\/v2\/pages\/10","targetHints":{"allow":["GET"]}}],"collection":[{"href":"https:\/\/www.ylioppilashuone.fi\/index.php\/wp-json\/wp\/v2\/pages"}],"about":[{"href":"https:\/\/www.ylioppilashuone.fi\/index.php\/wp-json\/wp\/v2\/types\/page"}],"author":[{"embeddable":true,"href":"https:\/\/www.ylioppilashuone.fi\/index.php\/wp-json\/wp\/v2\/users\/1"}],"replies":[{"embeddable":true,"href":"https:\/\/www.ylioppilashuone.fi\/index.php\/wp-json\/wp\/v2\/comments?post=10"}],"version-history":[{"count":39,"href":"https:\/\/www.ylioppilashuone.fi\/index.php\/wp-json\/wp\/v2\/pages\/10\/revisions"}],"predecessor-version":[{"id":110,"href":"https:\/\/www.ylioppilashuone.fi\/index.php\/wp-json\/wp\/v2\/pages\/10\/revisions\/110"}],"wp:attachment":[{"href":"https:\/\/www.ylioppilashuone.fi\/index.php\/wp-json\/wp\/v2\/media?parent=10"}],"curies":[{"name":"wp","href":"https:\/\/api.w.org\/{rel}","templated":true}]}}